{"id":423,"date":"2021-02-03T12:33:00","date_gmt":"2021-02-03T12:33:00","guid":{"rendered":"https:\/\/www.dmdnastri.it\/azienda-e-mission\/"},"modified":"2021-04-02T15:14:52","modified_gmt":"2021-04-02T15:14:52","slug":"entreprise-et-mission","status":"publish","type":"page","link":"https:\/\/www.dmdnastri.it\/fr\/entreprise-et-mission\/","title":{"rendered":"Entreprise et Mission"},"content":{"rendered":"\n<div class=\"wp-block-columns are-vertically-aligned-center\">\n<div class=\"wp-block-column is-vertically-aligned-center\">\n<h3>Entreprise<\/h3>\n\n\n\n<p>Notre entreprise jeune et dynamique est en mesure d&rsquo;accompagner le client dans les diff\u00e9rents besoins de production dans le transport des produits.<\/p>\n\n\n\n<p>Avec l&rsquo;aide de la CAD-CAM 3D, la conception de le convoyeurs refl\u00e8te le produit fini dans toutes ses sp\u00e9cifications, de sorte que le client puisse utiliser le mod\u00e8le 3D \u00e0 inclure dans sa mise en page.<\/p>\n\n\n\n<p>Gr\u00e2ce \u00e0 la conception 3D, les phases d&rsquo;assemblage sont \u00e9tablies et organis\u00e9es pour un processus de production fluide, garantissant rapidit\u00e9 et respect des d\u00e9lais de livraison.<\/p>\n\n\n\n<p>La pleine fonctionnalit\u00e9 des machines est v\u00e9rifi\u00e9e par un test complet et un contr\u00f4le strict des exigences requises<\/p>\n<\/div>\n\n\n\n<div class=\"wp-block-column is-vertically-aligned-center\">\n<figure class=\"wp-block-image size-large\"><img loading=\"lazy\" width=\"800\" height=\"599\" src=\"https:\/\/www.dmdnastri.it\/wp-content\/uploads\/2021\/02\/azienda-3.jpg\" alt=\"\" class=\"wp-image-366\" srcset=\"https:\/\/www.dmdnastri.it\/wp-content\/uploads\/2021\/02\/azienda-3.jpg 800w, https:\/\/www.dmdnastri.it\/wp-content\/uploads\/2021\/02\/azienda-3-300x225.jpg 300w, https:\/\/www.dmdnastri.it\/wp-content\/uploads\/2021\/02\/azienda-3-768x575.jpg 768w\" sizes=\"(max-width: 800px) 100vw, 800px\" \/><\/figure>\n<\/div>\n<\/div>\n\n\n\n<div style=\"height:35px\" aria-hidden=\"true\" class=\"wp-block-spacer\"><\/div>\n\n\n\n<div class=\"wp-block-columns are-vertically-aligned-center\">\n<div class=\"wp-block-column is-vertically-aligned-center\">\n<h3>Mission<\/h3>\n\n\n\n<p>Offrir toujours \u00e0 nos clients la technologie la plus avanc\u00e9e et la plus haute qualit\u00e9 dans les produits manufactur\u00e9s<\/p>\n\n\n\n<p>Rechercher des solutions les plus \u00e9conomiques pour garantir au client le rapport qualit\u00e9 \/ prix le plus avantageux<\/p>\n\n\n\n<p>Suiver le client dans le temps avec une assistance rapide et comp\u00e9tente, garantissant des pi\u00e8ces de rechange rapidement et en continu<\/p>\n\n\n\n<p>Poursuivre une politique de gestion des ressources dans l&rsquo;entreprise attentive \u00e0 l&rsquo;\u00e9cologie et aux \u00e9conomies d&rsquo;\u00e9nergie, en adoptant les m\u00e9thodes de production qui permettent d&rsquo;atteindre ces objectifs.<\/p>\n<\/div>\n<\/div>\n\n\n\n<div class=\"wp-block-columns\">\n<div class=\"wp-block-column\">\n<figure class=\"wp-block-image size-large\"><img loading=\"lazy\" width=\"1024\" height=\"768\" src=\"https:\/\/www.dmdnastri.it\/wp-content\/uploads\/2021\/02\/azienda-2-1024x768.jpg\" alt=\"\" class=\"wp-image-368\" srcset=\"https:\/\/www.dmdnastri.it\/wp-content\/uploads\/2021\/02\/azienda-2-1024x768.jpg 1024w, https:\/\/www.dmdnastri.it\/wp-content\/uploads\/2021\/02\/azienda-2-300x225.jpg 300w, https:\/\/www.dmdnastri.it\/wp-content\/uploads\/2021\/02\/azienda-2-768x576.jpg 768w, https:\/\/www.dmdnastri.it\/wp-content\/uploads\/2021\/02\/azienda-2-1536x1152.jpg 1536w, https:\/\/www.dmdnastri.it\/wp-content\/uploads\/2021\/02\/azienda-2.jpg 1707w\" sizes=\"(max-width: 1024px) 100vw, 1024px\" \/><\/figure>\n<\/div>\n\n\n\n<div class=\"wp-block-column\">\n<figure class=\"wp-block-image size-large\"><img loading=\"lazy\" width=\"1024\" height=\"768\" src=\"https:\/\/www.dmdnastri.it\/wp-content\/uploads\/2021\/02\/azienda-1-1024x768.jpg\" alt=\"\" class=\"wp-image-370\" srcset=\"https:\/\/www.dmdnastri.it\/wp-content\/uploads\/2021\/02\/azienda-1-1024x768.jpg 1024w, https:\/\/www.dmdnastri.it\/wp-content\/uploads\/2021\/02\/azienda-1-300x225.jpg 300w, https:\/\/www.dmdnastri.it\/wp-content\/uploads\/2021\/02\/azienda-1-768x576.jpg 768w, https:\/\/www.dmdnastri.it\/wp-content\/uploads\/2021\/02\/azienda-1-1536x1152.jpg 1536w, https:\/\/www.dmdnastri.it\/wp-content\/uploads\/2021\/02\/azienda-1.jpg 1707w\" sizes=\"(max-width: 1024px) 100vw, 1024px\" \/><\/figure>\n<\/div>\n\n\n\n<div class=\"wp-block-column\">\n<figure class=\"wp-block-image size-large\"><img loading=\"lazy\" width=\"800\" height=\"599\" src=\"https:\/\/www.dmdnastri.it\/wp-content\/uploads\/2021\/02\/azienda-4.jpg\" alt=\"\" class=\"wp-image-364\" srcset=\"https:\/\/www.dmdnastri.it\/wp-content\/uploads\/2021\/02\/azienda-4.jpg 800w, https:\/\/www.dmdnastri.it\/wp-content\/uploads\/2021\/02\/azienda-4-300x225.jpg 300w, https:\/\/www.dmdnastri.it\/wp-content\/uploads\/2021\/02\/azienda-4-768x575.jpg 768w\" sizes=\"(max-width: 800px) 100vw, 800px\" \/><\/figure>\n<\/div>\n<\/div>\n","protected":false},"excerpt":{"rendered":"<p>Entreprise Notre entreprise jeune et dynamique est en mesure d&rsquo;accompagner le client dans les diff\u00e9rents besoins de production dans le transport des produits. Avec l&rsquo;aide de la CAD-CAM 3D, la conception de le convoyeurs refl\u00e8te le produit fini dans toutes ses sp\u00e9cifications, de sorte que le client puisse utiliser le mod\u00e8le 3D \u00e0 inclure dans [&#8230;]<\/p>\n<p><a class=\"btn btn-secondary understrap-read-more-link\" href=\"https:\/\/www.dmdnastri.it\/fr\/entreprise-et-mission\/\">Lire la suite&#8230;<\/a><\/p>\n","protected":false},"author":1,"featured_media":372,"parent":0,"menu_order":0,"comment_status":"closed","ping_status":"closed","template":"page-chisiamo.php","meta":[],"_links":{"self":[{"href":"https:\/\/www.dmdnastri.it\/fr\/wp-json\/wp\/v2\/pages\/423"}],"collection":[{"href":"https:\/\/www.dmdnastri.it\/fr\/wp-json\/wp\/v2\/pages"}],"about":[{"href":"https:\/\/www.dmdnastri.it\/fr\/wp-json\/wp\/v2\/types\/page"}],"author":[{"embeddable":true,"href":"https:\/\/www.dmdnastri.it\/fr\/wp-json\/wp\/v2\/users\/1"}],"replies":[{"embeddable":true,"href":"https:\/\/www.dmdnastri.it\/fr\/wp-json\/wp\/v2\/comments?post=423"}],"version-history":[{"count":2,"href":"https:\/\/www.dmdnastri.it\/fr\/wp-json\/wp\/v2\/pages\/423\/revisions"}],"predecessor-version":[{"id":509,"href":"https:\/\/www.dmdnastri.it\/fr\/wp-json\/wp\/v2\/pages\/423\/revisions\/509"}],"wp:featuredmedia":[{"embeddable":true,"href":"https:\/\/www.dmdnastri.it\/fr\/wp-json\/wp\/v2\/media\/372"}],"wp:attachment":[{"href":"https:\/\/www.dmdnastri.it\/fr\/wp-json\/wp\/v2\/media?parent=423"}],"curies":[{"name":"wp","href":"https:\/\/api.w.org\/{rel}","templated":true}]}}