{"id":421,"date":"2021-02-03T12:32:43","date_gmt":"2021-02-03T12:32:43","guid":{"rendered":"https:\/\/www.dmdnastri.it\/homepage\/"},"modified":"2021-04-02T15:10:42","modified_gmt":"2021-04-02T15:10:42","slug":"homepage","status":"publish","type":"page","link":"https:\/\/www.dmdnastri.it\/fr\/","title":{"rendered":"HOMEPAGE"},"content":{"rendered":"\n<div class=\"wp-block-columns\">\n<div class=\"wp-block-column\" style=\"flex-basis:100%\">\n<div class=\"wp-block-columns\">\n<div class=\"wp-block-column\" style=\"flex-basis:66.66%\">\n<p>Nous avons vent ans d\u2019exp\u00e9rience dans la conception et la fabrication de convoyeurs \u00e0 band en profiles&nbsp; de&nbsp; aluminium pour le transport de produits, et le chargement \/ d\u00e9chargement des iles d&rsquo; assemblage ou de machines automatiques en g\u00e9n\u00e9ral.<\/p>\n\n\n\n<p>La construction utilise des profil\u00e9s en aluminium Anticorodal anodis\u00e9s \u00e9tudies par nous, du cadre entier aux rouleaux de traction ; garantissant qualit\u00e9 et robustesse \u00e0 la ceinture, et flexibilit\u00e9 d&rsquo;utilisation dans tous les secteurs industriels et non industriels.<\/p>\n<\/div>\n\n\n\n<div class=\"wp-block-column\" style=\"flex-basis:45%\">\n<figure class=\"wp-block-image size-large img-shadow\"><img loading=\"lazy\" width=\"1024\" height=\"681\" src=\"https:\/\/www.dmdnastri.it\/wp-content\/uploads\/2021\/04\/home-2-1024x681.jpg\" alt=\"\" class=\"wp-image-500\" srcset=\"https:\/\/www.dmdnastri.it\/wp-content\/uploads\/2021\/04\/home-2-1024x681.jpg 1024w, https:\/\/www.dmdnastri.it\/wp-content\/uploads\/2021\/04\/home-2-300x200.jpg 300w, https:\/\/www.dmdnastri.it\/wp-content\/uploads\/2021\/04\/home-2-768x511.jpg 768w, https:\/\/www.dmdnastri.it\/wp-content\/uploads\/2021\/04\/home-2-1536x1022.jpg 1536w, https:\/\/www.dmdnastri.it\/wp-content\/uploads\/2021\/04\/home-2-2048x1363.jpg 2048w\" sizes=\"(max-width: 1024px) 100vw, 1024px\" \/><\/figure>\n\n\n\n<p><\/p>\n<\/div>\n<\/div>\n<\/div>\n<\/div>\n","protected":false},"excerpt":{"rendered":"<p> [&#8230;]<\/p>\n<p><a class=\"btn btn-secondary understrap-read-more-link\" href=\"https:\/\/www.dmdnastri.it\/fr\/\">Lire la suite&#8230;<\/a><\/p>\n","protected":false},"author":1,"featured_media":0,"parent":0,"menu_order":0,"comment_status":"closed","ping_status":"closed","template":"page-homepage.php","meta":[],"_links":{"self":[{"href":"https:\/\/www.dmdnastri.it\/fr\/wp-json\/wp\/v2\/pages\/421"}],"collection":[{"href":"https:\/\/www.dmdnastri.it\/fr\/wp-json\/wp\/v2\/pages"}],"about":[{"href":"https:\/\/www.dmdnastri.it\/fr\/wp-json\/wp\/v2\/types\/page"}],"author":[{"embeddable":true,"href":"https:\/\/www.dmdnastri.it\/fr\/wp-json\/wp\/v2\/users\/1"}],"replies":[{"embeddable":true,"href":"https:\/\/www.dmdnastri.it\/fr\/wp-json\/wp\/v2\/comments?post=421"}],"version-history":[{"count":2,"href":"https:\/\/www.dmdnastri.it\/fr\/wp-json\/wp\/v2\/pages\/421\/revisions"}],"predecessor-version":[{"id":505,"href":"https:\/\/www.dmdnastri.it\/fr\/wp-json\/wp\/v2\/pages\/421\/revisions\/505"}],"wp:attachment":[{"href":"https:\/\/www.dmdnastri.it\/fr\/wp-json\/wp\/v2\/media?parent=421"}],"curies":[{"name":"wp","href":"https:\/\/api.w.org\/{rel}","templated":true}]}}